{"id":55,"date":"2025-08-27T19:54:40","date_gmt":"2025-08-27T17:54:40","guid":{"rendered":"http:\/\/anielimoi.com.pl\/?page_id=55"},"modified":"2025-10-06T19:51:01","modified_gmt":"2025-10-06T17:51:01","slug":"silverstorm","status":"publish","type":"page","link":"https:\/\/anielimoi.com.pl\/","title":{"rendered":"Home"},"content":{"rendered":"<div data-colibri-id=\"55-c1\" class=\"style-287 style-local-55-c1 position-relative\">\n  <!---->\n  <div data-colibri-component=\"section\" data-colibri-id=\"55-c2\" id=\"blog\" class=\"h-section h-section-global-spacing d-flex align-items-lg-center align-items-md-center align-items-center style-288 style-local-55-c2 position-relative\">\n    <!---->\n    <!---->\n    <div class=\"h-section-grid-container h-section-boxed-container\">\n      <div data-colibri-id=\"55-c18\" class=\"h-row-container gutters-row-lg-2 gutters-row-md-2 gutters-row-2 gutters-row-v-lg-2 gutters-row-v-md-2 gutters-row-v-2 style-302 style-local-55-c18 position-relative\">\n        <!---->\n        <div class=\"h-row justify-content-lg-center justify-content-md-center justify-content-center align-items-lg-stretch align-items-md-stretch align-items-stretch gutters-col-lg-2 gutters-col-md-2 gutters-col-2 gutters-col-v-lg-2 gutters-col-v-md-2 gutters-col-v-2\">\n          <!---->\n          <div class=\"h-column h-column-container d-flex h-col-lg-auto h-col-md-auto h-col-auto style-303-outer style-local-55-c19-outer\">\n            <div data-colibri-id=\"55-c19\" class=\"d-flex h-flex-basis h-column__inner h-px-lg-2 h-px-md-2 h-px-2 v-inner-lg-2 v-inner-md-2 v-inner-2 style-303 style-local-55-c19 position-relative\">\n              <!---->\n              <!---->\n              <div class=\"w-100 h-y-container h-column__content h-column__v-align flex-basis-100 align-self-lg-start align-self-md-start align-self-start\">\n                <!---->\n                <div data-colibri-id=\"55-c20\" class=\"h-global-transition-all h-heading style-304 style-local-55-c20 position-relative h-element\">\n                  <!---->\n                  <div class=\"h-heading__outer style-304 style-local-55-c20\">\n                    <!---->\n                    <!---->\n                    <h2 class=\"\">Codziennik<\/h2>\n                  <\/div>\n                <\/div>\n                <div data-colibri-id=\"55-c21\" class=\"h-lead h-text h-text-component style-305 style-local-55-c21 position-relative h-element\">\n                  <!---->\n                  <!---->\n                  <div class=\"\">\n                    <p>Witaj w \u015bwiecie, gdzie ka\u017cdy anio\u0142ek i drewniany domek kryje w sobie odrobin\u0119 magii. Tworzone r\u0119cznie z pasj\u0105, te male\u0144kie dzie\u0142a sztuki przynosz\u0105 spok\u00f3j, ciep\u0142o i u\u015bmiech. Poznaj historie, kt\u00f3re mieszkaj\u0105 w drewnie i skrzyd\u0142ach.<\/p>\n                  <\/div>\n                <\/div>\n              <\/div>\n            <\/div>\n          <\/div>\n        <\/div>\n      <\/div>\n      <div data-colibri-id=\"55-c3\" class=\"h-row-container gutters-row-lg-0 gutters-row-md-0 gutters-row-0 gutters-row-v-lg-0 gutters-row-v-md-0 gutters-row-v-0 style-289 style-local-55-c3 position-relative\">\n        <!---->\n        <div class=\"h-row justify-content-lg-center justify-content-md-center justify-content-center align-items-lg-stretch align-items-md-stretch align-items-stretch gutters-col-lg-0 gutters-col-md-0 gutters-col-0 gutters-col-v-lg-0 gutters-col-v-md-0 gutters-col-v-0\">\n          <!---->\n          <div class=\"h-column h-column-container d-flex h-col-lg-auto h-col-md-auto h-col-auto style-290-outer style-local-55-c4-outer\">\n            <div data-colibri-id=\"55-c4\" class=\"d-flex h-flex-basis h-column__inner h-px-lg-0 h-px-md-0 h-px-0 v-inner-lg-0 v-inner-md-0 v-inner-0 style-290 style-local-55-c4 position-relative\">\n              <!---->\n              <!---->\n              <div class=\"w-100 h-y-container h-column__content h-column__v-align flex-basis-100 align-self-lg-start align-self-md-start align-self-start\">\n                <!---->\n                <div data-colibri-id=\"55-c5\" class=\"h-row-container gutters-row-lg-1 gutters-row-md-1 gutters-row-0 gutters-row-v-lg-1 gutters-row-v-md-1 gutters-row-v-1 colibri-dynamic-list style-307 style-local-55-c5 position-relative\">\n                  <!---->\n                  <div data-colibri-component=\"masonry\" class=\"h-row justify-content-lg-start justify-content-md-start justify-content-start align-items-lg-stretch align-items-md-stretch align-items-stretch gutters-col-lg-1 gutters-col-md-1 gutters-col-0 gutters-col-v-lg-1 gutters-col-v-md-1 gutters-col-v-1 style-307-row style-local-55-c5-row\">\n                    <!---->\n        <div class=\"h-column h-column-container d-flex h-col-lg-12 h-col-md-6 h-col-12 post-1 post type-post status-publish format-standard has-post-thumbnail hentry category-rekodzielnik-codzienny masonry-item style-308-outer style-local-55-c6-outer\"><div data-colibri-id=\"55-c6\" class=\"d-flex h-flex-basis h-column__inner h-px-lg-2 h-px-md-2 h-px-2 v-inner-lg-2 v-inner-md-2 v-inner-2 style-308 style-local-55-c6 position-relative\"> <div class=\"w-100 h-y-container h-column__content h-column__v-align flex-basis-100 align-self-lg-start align-self-md-start align-self-start\"> <div data-href=\"https:\/\/anielimoi.com.pl\/?p=1\" data-colibri-component=\"link\" data-colibri-id=\"55-c7\" class=\"colibri-post-thumbnail colibri-post-has-thumbnail style-309 style-local-55-c7 h-overflow-hidden position-relative h-element\"><div class=\"h-global-transition-all colibri-post-thumbnail-shortcode style-dynamic-55-c7-height\">            <a href=\"https:\/\/anielimoi.com.pl\/?p=1\" title=\"Witajcie ponownie, Anielimoi!\">\n\t\t\t\t<img loading=\"lazy\" decoding=\"async\" width=\"1200\" height=\"675\" src=\"https:\/\/anielimoi.com.pl\/wp-content\/uploads\/2025\/08\/anioly.jpg\" class=\"attachment-post-thumbnail size-post-thumbnail wp-post-image\" alt=\"\" srcset=\"https:\/\/anielimoi.com.pl\/wp-content\/uploads\/2025\/08\/anioly.jpg 1200w, https:\/\/anielimoi.com.pl\/wp-content\/uploads\/2025\/08\/anioly-300x169.jpg 300w, https:\/\/anielimoi.com.pl\/wp-content\/uploads\/2025\/08\/anioly-1024x576.jpg 1024w, https:\/\/anielimoi.com.pl\/wp-content\/uploads\/2025\/08\/anioly-768x432.jpg 768w, https:\/\/anielimoi.com.pl\/wp-content\/uploads\/2025\/08\/anioly-600x338.jpg 600w\" sizes=\"auto, (max-width: 1200px) 100vw, 1200px\" \/>            <\/a>\n\t\t\t<\/div> <div class=\"colibri-post-thumbnail-content align-items-lg-center align-items-md-center align-items-center flex-basis-100\"><div class=\"w-100 h-y-container\"> <\/div><\/div><\/div><div data-colibri-id=\"55-c8\" class=\"h-row-container gutters-row-lg-2 gutters-row-md-2 gutters-row-2 gutters-row-v-lg-2 gutters-row-v-md-2 gutters-row-v-2 style-310 style-local-55-c8 position-relative\"><div class=\"h-row justify-content-lg-center justify-content-md-center justify-content-center align-items-lg-stretch align-items-md-stretch align-items-stretch gutters-col-lg-2 gutters-col-md-2 gutters-col-2 gutters-col-v-lg-2 gutters-col-v-md-2 gutters-col-v-2\"> <div class=\"h-column h-column-container d-flex h-col-lg h-col-md h-col-auto style-311-outer style-local-55-c9-outer\"><div data-colibri-id=\"55-c9\" class=\"d-flex h-flex-basis h-column__inner h-px-lg-2 h-px-md-2 h-px-2 v-inner-lg-2 v-inner-md-2 v-inner-2 style-311 style-local-55-c9 position-relative\"> <div class=\"w-100 h-y-container h-column__content h-column__v-align flex-basis-100 align-self-lg-start align-self-md-start align-self-start\"> <div data-colibri-id=\"55-c10\" class=\"h-blog-categories style-312 style-local-55-c10 position-relative h-element\"><div class=\"h-global-transition-all\"><a class=\"d-inline-block colibri-post-category\" href=\"https:\/\/anielimoi.com.pl\/?cat=31\">R\u0119kodzielnik codzienny<\/a><\/div><\/div><div data-colibri-id=\"55-c11\" class=\"h-blog-title style-313 style-local-55-c11 position-relative h-element\"><div class=\"h-global-transition-all\"><a href=\"https:\/\/anielimoi.com.pl\/?p=1\"><h4 class=\"colibri-word-wrap\">Witajcie ponownie, Anielimoi!<\/h4><\/a><\/div><\/div><div data-colibri-id=\"55-c12\" class=\"style-314 style-local-55-c12 position-relative h-element\"><div class=\"h-global-transition-all\"><div class=\"colibri-post-excerpt\">Ledwo zd\u0105\u017cyli\u015bmy schowa\u0107 dmuchane jednoro\u017cce i zje\u015b\u0107 resztki lod\u00f3w z zamra\u017carki, a tu [&hellip;]<\/div><\/div><\/div><\/div><\/div><\/div><\/div><\/div><div data-colibri-id=\"55-c13\" class=\"h-row-container gutters-row-lg-2 gutters-row-md-2 gutters-row-2 gutters-row-v-lg-2 gutters-row-v-md-2 gutters-row-v-2 style-315 style-local-55-c13 position-relative\"><div class=\"h-row justify-content-lg-center justify-content-md-center justify-content-center align-items-lg-stretch align-items-md-stretch align-items-stretch gutters-col-lg-2 gutters-col-md-2 gutters-col-2 gutters-col-v-lg-2 gutters-col-v-md-2 gutters-col-v-2\"> <div class=\"h-column h-column-container d-flex h-col-lg h-col-md h-col style-316-outer style-local-55-c14-outer\"><div data-colibri-id=\"55-c14\" class=\"d-flex h-flex-basis h-column__inner h-ui-empty-state-container h-px-lg-2 h-px-md-2 h-px-2 v-inner-lg-0 v-inner-md-0 v-inner-0 style-316 style-local-55-c14 position-relative\"> <div class=\"w-100 h-y-container h-column__content h-column__v-align flex-basis-100\"> <\/div><\/div><\/div><div class=\"h-column h-column-container d-flex h-col-lg-auto h-col-md-auto h-col-auto style-318-outer style-local-55-c15-outer\"><div data-colibri-id=\"55-c15\" class=\"d-flex h-flex-basis h-column__inner h-px-lg-2 h-px-md-2 h-px-2 v-inner-lg-0 v-inner-md-0 v-inner-0 style-318 style-local-55-c15 position-relative\"> <div class=\"w-100 h-y-container h-column__content h-column__v-align flex-basis-auto align-self-lg-center align-self-md-center align-self-center\"> <div data-colibri-id=\"55-c16\" class=\"h-x-container style-319 style-local-55-c16 position-relative h-element\"><div class=\"h-x-container-inner style-dynamic-55-c16-group\"><span class=\"h-button__outer style-320-outer style-local-55-c17-outer d-inline-flex h-element\"><a href=\"https:\/\/anielimoi.com.pl\/?p=1\" data-colibri-id=\"55-c17\" class=\"d-flex w-100 align-items-center h-button justify-content-lg-center justify-content-md-center justify-content-center style-320 style-local-55-c17 position-relative\"> <span>Read more<\/span> <span class=\"h-svg-icon h-button__icon style-320-icon style-local-55-c17-icon\"><svg version=\"1.1\" xmlns=\"http:\/\/www.w3.org\/2000\/svg\" xmlns:xlink=\"http:\/\/www.w3.org\/1999\/xlink\" id=\"arrow-right\" viewBox=\"0 0 512 545.5\"><path d=\"M299.5 140.5l136 136 11 11.5-11 11.5-136 136-23-23L385 304H64v-32h321L276.5 163.5z\"><\/path><\/svg><\/span><\/a><\/span><\/div><\/div><\/div><\/div><\/div><\/div><\/div><\/div><\/div><\/div>\n      \n      \n                    <\/div>\n                <\/div>\n              <\/div>\n            <\/div>\n          <\/div>\n        <\/div>\n      <\/div>\n    <\/div>\n  <\/div>\n<\/div>","protected":false},"excerpt":{"rendered":"<p>Codziennik Witaj w \u015bwiecie, gdzie ka\u017cdy anio\u0142ek i drewniany domek kryje w sobie [&hellip;]<\/p>\n","protected":false},"author":1,"featured_media":0,"parent":0,"menu_order":0,"comment_status":"closed","ping_status":"closed","template":"page-templates\/homepage.php","meta":{"ngg_post_thumbnail":0,"footnotes":""},"class_list":["post-55","page","type-page","status-publish","hentry"],"jetpack_sharing_enabled":true,"_links":{"self":[{"href":"https:\/\/anielimoi.com.pl\/index.php?rest_route=\/wp\/v2\/pages\/55","targetHints":{"allow":["GET"]}}],"collection":[{"href":"https:\/\/anielimoi.com.pl\/index.php?rest_route=\/wp\/v2\/pages"}],"about":[{"href":"https:\/\/anielimoi.com.pl\/index.php?rest_route=\/wp\/v2\/types\/page"}],"author":[{"embeddable":true,"href":"https:\/\/anielimoi.com.pl\/index.php?rest_route=\/wp\/v2\/users\/1"}],"replies":[{"embeddable":true,"href":"https:\/\/anielimoi.com.pl\/index.php?rest_route=%2Fwp%2Fv2%2Fcomments&post=55"}],"version-history":[{"count":20,"href":"https:\/\/anielimoi.com.pl\/index.php?rest_route=\/wp\/v2\/pages\/55\/revisions"}],"predecessor-version":[{"id":1210,"href":"https:\/\/anielimoi.com.pl\/index.php?rest_route=\/wp\/v2\/pages\/55\/revisions\/1210"}],"wp:attachment":[{"href":"https:\/\/anielimoi.com.pl\/index.php?rest_route=%2Fwp%2Fv2%2Fmedia&parent=55"}],"curies":[{"name":"wp","href":"https:\/\/api.w.org\/{rel}","templated":true}]}}