{"id":1033,"date":"2025-09-26T10:45:31","date_gmt":"2025-09-26T08:45:31","guid":{"rendered":"https:\/\/anielimoi.com.pl\/?post_type=product&#038;p=1033"},"modified":"2025-09-26T10:47:07","modified_gmt":"2025-09-26T08:47:07","slug":"creepy-house","status":"publish","type":"product","link":"https:\/\/anielimoi.com.pl\/?product=creepy-house","title":{"rendered":"Creepy House"},"content":{"rendered":"<p>Otacza j\u0105 dziwny, ro\u015blinny tw\u00f3r \u2013 spl\u0105tane korzenie, wij\u0105ce si\u0119 p\u0119dy, li\u015bcie o kszta\u0142tach, kt\u00f3rych nie znajdziesz w \u017cadnym atlasie. Wygl\u0105daj\u0105 jakby \u017cy\u0142y w\u0142asnym \u017cyciem, jakby pr\u00f3bowa\u0142y obj\u0105\u0107 domek w ciasnym u\u015bcisku. Niekt\u00f3re z nich maj\u0105 drobne kolce, inne b\u0142yszcz\u0105 jakby by\u0142y wilgotne\u2026 albo \u015bliskie.<\/p>\n<p>Creepy House nie straszy krzykiem \u2013 on szepcze. Jest jak echo dawnej obecno\u015bci, jak miejsce, kt\u00f3re pami\u0119ta co\u015b, czego lepiej nie odkrywa\u0107. Idealny dla kolekcjoner\u00f3w, kt\u00f3rzy lubi\u0105, gdy ich dekoracje maj\u0105 drugie dno\u2026 i mo\u017ce trzecie.<\/p>\n","protected":false},"excerpt":{"rendered":"<p><strong>Creepy House<\/strong><br \/>\nTen r\u0119cznie wykonany, br\u0105zowy domek z drewna wygl\u0105da jakby wyr\u00f3s\u0142 z zapomnianej [&hellip;]<\/p>\n","protected":false},"featured_media":1034,"template":"","meta":{"ngg_post_thumbnail":0},"product_brand":[24],"product_cat":[30],"product_tag":[],"class_list":{"0":"post-1033","1":"product","2":"type-product","3":"status-publish","4":"has-post-thumbnail","6":"product_brand-anielimoi","7":"product_cat-straszydomki","9":"first","10":"instock","11":"shipping-taxable","12":"purchasable","13":"product-type-simple"},"jetpack_sharing_enabled":true,"_links":{"self":[{"href":"https:\/\/anielimoi.com.pl\/index.php?rest_route=\/wp\/v2\/product\/1033","targetHints":{"allow":["GET"]}}],"collection":[{"href":"https:\/\/anielimoi.com.pl\/index.php?rest_route=\/wp\/v2\/product"}],"about":[{"href":"https:\/\/anielimoi.com.pl\/index.php?rest_route=\/wp\/v2\/types\/product"}],"wp:featuredmedia":[{"embeddable":true,"href":"https:\/\/anielimoi.com.pl\/index.php?rest_route=\/wp\/v2\/media\/1034"}],"wp:attachment":[{"href":"https:\/\/anielimoi.com.pl\/index.php?rest_route=%2Fwp%2Fv2%2Fmedia&parent=1033"}],"wp:term":[{"taxonomy":"product_brand","embeddable":true,"href":"https:\/\/anielimoi.com.pl\/index.php?rest_route=%2Fwp%2Fv2%2Fproduct_brand&post=1033"},{"taxonomy":"product_cat","embeddable":true,"href":"https:\/\/anielimoi.com.pl\/index.php?rest_route=%2Fwp%2Fv2%2Fproduct_cat&post=1033"},{"taxonomy":"product_tag","embeddable":true,"href":"https:\/\/anielimoi.com.pl\/index.php?rest_route=%2Fwp%2Fv2%2Fproduct_tag&post=1033"}],"curies":[{"name":"wp","href":"https:\/\/api.w.org\/{rel}","templated":true}]}}