{"id":1217,"date":"2025-10-06T20:02:23","date_gmt":"2025-10-06T18:02:23","guid":{"rendered":"https:\/\/anielimoi.com.pl\/?post_type=product&#038;p=1217"},"modified":"2025-10-13T12:25:28","modified_gmt":"2025-10-13T10:25:28","slug":"aniolek-isia-recznie-wykonana-z-masy-solnej-wzor","status":"publish","type":"product","link":"https:\/\/anielimoi.com.pl\/?product=aniolek-isia-recznie-wykonana-z-masy-solnej-wzor","title":{"rendered":"Anio\u0142ek Isia &#8211; r\u0119cznie wykonana z masy solnej (wz\u00f3r)"},"content":{"rendered":"<p>Jaka jest Isia?<\/p>\n<ul>\n<li>R\u0119cznie uformowana i malowana z dba\u0142o\u015bci\u0105 o ka\u017cdy szczeg\u00f3\u0142<\/li>\n<li>Z kr\u00f3liczkiem w r\u0105czkach \u2013 detal, kt\u00f3ry dodaje uroku i g\u0142\u0119bi<\/li>\n<li>Idealna jako prezent dla bliskiej osoby lub ozdoba wn\u0119trza<\/li>\n<li>Unikalna \u2013 ka\u017cda Isia, mimo \u017ce s\u0105 do siebie podobne &#8211;&nbsp; jest niepowtarzalna<\/li>\n<li>Lekka, trwa\u0142a, gotowa do zawieszenia podarowania bliskiej osobie<\/li>\n<\/ul>\n<p>Isia mo\u017ce sta\u0107 si\u0119 Twoj\u0105 ma\u0142\u0105 opiekunk\u0105 \u2013 przypomnieniem, \u017ce nawet w codziennym zabieganiu warto zatrzyma\u0107 si\u0119 na chwil\u0119 i spojrze\u0107 na \u015bwiat oczami dziecka.<\/p>\n<p><strong>Wymiary:<\/strong> ok. 15-16 cm wysoko\u015bci <strong>Pakowana w ozdobne, ekologiczne pude\u0142eczko \u2013 gotowa do wr\u0119czenia jako prezent!<\/strong><\/p>\n","protected":false},"excerpt":{"rendered":"<p>Isia to male\u0144ki anio\u0142ek, kt\u00f3ry wygl\u0105da, jakby w\u0142a\u015bnie zesz\u0142a z chmurki, by sprawdzi\u0107, [&hellip;]<\/p>\n","protected":false},"featured_media":1189,"template":"","meta":{"ngg_post_thumbnail":0},"product_brand":[24],"product_cat":[32],"product_tag":[],"class_list":{"0":"post-1217","1":"product","2":"type-product","3":"status-publish","4":"has-post-thumbnail","6":"product_brand-anielimoi","7":"product_cat-anieli-moi","9":"first","10":"onbackorder","11":"shipping-taxable","12":"purchasable","13":"product-type-simple"},"jetpack_sharing_enabled":true,"_links":{"self":[{"href":"https:\/\/anielimoi.com.pl\/index.php?rest_route=\/wp\/v2\/product\/1217","targetHints":{"allow":["GET"]}}],"collection":[{"href":"https:\/\/anielimoi.com.pl\/index.php?rest_route=\/wp\/v2\/product"}],"about":[{"href":"https:\/\/anielimoi.com.pl\/index.php?rest_route=\/wp\/v2\/types\/product"}],"wp:featuredmedia":[{"embeddable":true,"href":"https:\/\/anielimoi.com.pl\/index.php?rest_route=\/wp\/v2\/media\/1189"}],"wp:attachment":[{"href":"https:\/\/anielimoi.com.pl\/index.php?rest_route=%2Fwp%2Fv2%2Fmedia&parent=1217"}],"wp:term":[{"taxonomy":"product_brand","embeddable":true,"href":"https:\/\/anielimoi.com.pl\/index.php?rest_route=%2Fwp%2Fv2%2Fproduct_brand&post=1217"},{"taxonomy":"product_cat","embeddable":true,"href":"https:\/\/anielimoi.com.pl\/index.php?rest_route=%2Fwp%2Fv2%2Fproduct_cat&post=1217"},{"taxonomy":"product_tag","embeddable":true,"href":"https:\/\/anielimoi.com.pl\/index.php?rest_route=%2Fwp%2Fv2%2Fproduct_tag&post=1217"}],"curies":[{"name":"wp","href":"https:\/\/api.w.org\/{rel}","templated":true}]}}