{"id":1223,"date":"2025-10-18T19:53:38","date_gmt":"2025-10-18T17:53:38","guid":{"rendered":"https:\/\/anielimoi.com.pl\/?post_type=product&#038;p=1223"},"modified":"2025-10-18T19:59:56","modified_gmt":"2025-10-18T17:59:56","slug":"aniolek-aurinka-wykonana-recznie-z-masy-solnej-dostepna","status":"publish","type":"product","link":"https:\/\/anielimoi.com.pl\/?product=aniolek-aurinka-wykonana-recznie-z-masy-solnej-dostepna","title":{"rendered":"Anio\u0142ek Aurinka &#8211; wykonana r\u0119cznie z masy solnej (dost\u0119pna)"},"content":{"rendered":"<p>Poznaj Aurink\u0119 \u2013 male\u0144kiego anio\u0142ka, kt\u00f3ry przynosi \u015bwiat\u0142o, spok\u00f3j i odrobin\u0119 magii do ka\u017cdego wn\u0119trza. Ulepiona z sercem i staranno\u015bci\u0105 z masy solnej, Aurinka zachwyca subtelnymi detalami, pastelowymi kolorami i \u0142agodnym wyrazem twarzy. Jej imi\u0119, inspirowane promieniem s\u0142o\u0144ca, idealnie oddaje jej pogodny charakter.<\/p>\n<p>&#8211; <strong>Wymiary:<\/strong> ok. 15 cm wysoko\u015bci&nbsp;<\/p>\n<p>&#8211; <strong>Kolory:<\/strong> delikatne r\u00f3\u017ce, kremy i z\u0142ocenia&nbsp;<\/p>\n<p>&#8211; <strong>Wykonanie:<\/strong> 100% r\u0119kodzie\u0142o \u2013 ka\u017cdy egzemplarz jest unikalny<\/p>\n<p><strong>&#8211; Idealna na prezent:<\/strong> dla bliskiej osoby, na chrzciny, komuni\u0119, \u015bwi\u0119ta lub jako dekoracja pokoju dzieci\u0119cego<\/p>\n","protected":false},"excerpt":{"rendered":"<p>Aurinka mo\u017ce zawisn\u0105\u0107 na \u015bcianie, ozdobi\u0107 p\u00f3\u0142k\u0119 lub sta\u0107 si\u0119 cz\u0119\u015bci\u0105 \u015bwi\u0105tecznego stroika. [&hellip;]<\/p>\n","protected":false},"featured_media":1224,"template":"","meta":{"ngg_post_thumbnail":0},"product_brand":[24],"product_cat":[32],"product_tag":[],"class_list":{"0":"post-1223","1":"product","2":"type-product","3":"status-publish","4":"has-post-thumbnail","6":"product_brand-anielimoi","7":"product_cat-anieli-moi","9":"first","10":"instock","11":"sold-individually","12":"shipping-taxable","13":"purchasable","14":"product-type-simple"},"jetpack_sharing_enabled":true,"_links":{"self":[{"href":"https:\/\/anielimoi.com.pl\/index.php?rest_route=\/wp\/v2\/product\/1223","targetHints":{"allow":["GET"]}}],"collection":[{"href":"https:\/\/anielimoi.com.pl\/index.php?rest_route=\/wp\/v2\/product"}],"about":[{"href":"https:\/\/anielimoi.com.pl\/index.php?rest_route=\/wp\/v2\/types\/product"}],"wp:featuredmedia":[{"embeddable":true,"href":"https:\/\/anielimoi.com.pl\/index.php?rest_route=\/wp\/v2\/media\/1224"}],"wp:attachment":[{"href":"https:\/\/anielimoi.com.pl\/index.php?rest_route=%2Fwp%2Fv2%2Fmedia&parent=1223"}],"wp:term":[{"taxonomy":"product_brand","embeddable":true,"href":"https:\/\/anielimoi.com.pl\/index.php?rest_route=%2Fwp%2Fv2%2Fproduct_brand&post=1223"},{"taxonomy":"product_cat","embeddable":true,"href":"https:\/\/anielimoi.com.pl\/index.php?rest_route=%2Fwp%2Fv2%2Fproduct_cat&post=1223"},{"taxonomy":"product_tag","embeddable":true,"href":"https:\/\/anielimoi.com.pl\/index.php?rest_route=%2Fwp%2Fv2%2Fproduct_tag&post=1223"}],"curies":[{"name":"wp","href":"https:\/\/api.w.org\/{rel}","templated":true}]}}