{"id":1231,"date":"2025-10-18T20:23:55","date_gmt":"2025-10-18T18:23:55","guid":{"rendered":"https:\/\/anielimoi.com.pl\/?post_type=product&#038;p=1231"},"modified":"2025-10-18T20:23:55","modified_gmt":"2025-10-18T18:23:55","slug":"aniolek-melisandra-dostepna","status":"publish","type":"product","link":"https:\/\/anielimoi.com.pl\/?product=aniolek-melisandra-dostepna","title":{"rendered":"Anio\u0142ek Melisandra (dost\u0119pna)"},"content":{"rendered":"<p>Melisandra to nie byle jaki anio\u0142ek. To dama z klas\u0105, kt\u00f3ra zna si\u0119 na dobrym stylu, troszk\u0119 rozkojarzona, potrafi rozja\u015bni\u0107 ka\u017cdy k\u0105t i&#8230; nie boi si\u0119 b\u0142yszcze\u0107! Ulepiona r\u0119cznie z masy solnej, z sercem wi\u0119kszym ni\u017c jej skrzyde\u0142ka, Melisandra rozkocha w sobie ka\u017cdego, kto spojrzy jej w oczy (nawet je\u015bli jedno lekko zezuj\u0105ce \u2013 r\u0119kodzie\u0142o rz\u0105dzi si\u0119 swoimi prawami!).<\/p>\n<p><strong>&#8211; Wymiary:<\/strong>&nbsp;ok. 10 cm uroku w pionie&nbsp;<\/p>\n<p><strong>&#8211; Styl:<\/strong> pastelowy vintage z nutk\u0105 \u201ebabci na imieninach\u201d&nbsp;<\/p>\n<p><strong>&#8211; Wykonanie:<\/strong> r\u0119cznie, z mi\u0142o\u015bci\u0105 i odrobin\u0105 brokatu&nbsp;<\/p>\n<p><strong>&#8211; Idealna na prezent:<\/strong> dla tych, kt\u00f3rzy lubi\u0105 si\u0119 u\u015bmiechn\u0105\u0107 i wierz\u0105 w ma\u0142e cuda<\/p>\n","protected":false},"excerpt":{"rendered":"<p>Melisandra nie tylko ozdobi p\u00f3\u0142k\u0119 czy \u015bcian\u0119 \u2013 ona j\u0105 przejmie. Mo\u017ce nie [&hellip;]<\/p>\n","protected":false},"featured_media":1232,"template":"","meta":{"ngg_post_thumbnail":0},"product_brand":[24],"product_cat":[32],"product_tag":[33,34,35,36],"class_list":{"0":"post-1231","1":"product","2":"type-product","3":"status-publish","4":"has-post-thumbnail","6":"product_brand-anielimoi","7":"product_cat-anieli-moi","8":"product_tag-aniol","9":"product_tag-aniolek","10":"product_tag-prezent","11":"product_tag-swieta","13":"first","14":"instock","15":"sold-individually","16":"shipping-taxable","17":"purchasable","18":"product-type-simple"},"jetpack_sharing_enabled":true,"_links":{"self":[{"href":"https:\/\/anielimoi.com.pl\/index.php?rest_route=\/wp\/v2\/product\/1231","targetHints":{"allow":["GET"]}}],"collection":[{"href":"https:\/\/anielimoi.com.pl\/index.php?rest_route=\/wp\/v2\/product"}],"about":[{"href":"https:\/\/anielimoi.com.pl\/index.php?rest_route=\/wp\/v2\/types\/product"}],"wp:featuredmedia":[{"embeddable":true,"href":"https:\/\/anielimoi.com.pl\/index.php?rest_route=\/wp\/v2\/media\/1232"}],"wp:attachment":[{"href":"https:\/\/anielimoi.com.pl\/index.php?rest_route=%2Fwp%2Fv2%2Fmedia&parent=1231"}],"wp:term":[{"taxonomy":"product_brand","embeddable":true,"href":"https:\/\/anielimoi.com.pl\/index.php?rest_route=%2Fwp%2Fv2%2Fproduct_brand&post=1231"},{"taxonomy":"product_cat","embeddable":true,"href":"https:\/\/anielimoi.com.pl\/index.php?rest_route=%2Fwp%2Fv2%2Fproduct_cat&post=1231"},{"taxonomy":"product_tag","embeddable":true,"href":"https:\/\/anielimoi.com.pl\/index.php?rest_route=%2Fwp%2Fv2%2Fproduct_tag&post=1231"}],"curies":[{"name":"wp","href":"https:\/\/api.w.org\/{rel}","templated":true}]}}