{"id":1235,"date":"2025-10-18T20:35:41","date_gmt":"2025-10-18T18:35:41","guid":{"rendered":"https:\/\/anielimoi.com.pl\/?post_type=product&#038;p=1235"},"modified":"2025-10-18T20:36:04","modified_gmt":"2025-10-18T18:36:04","slug":"fruzia-anielska-patronka-klusek-i-kontemplacji","status":"publish","type":"product","link":"https:\/\/anielimoi.com.pl\/?product=fruzia-anielska-patronka-klusek-i-kontemplacji","title":{"rendered":"Fruzia \u2013 anielska patronka klusek (dost\u0119pna)"},"content":{"rendered":"<p>Niebo zna wielu anio\u0142\u00f3w, ale tylko jeden nosi aureolk\u0119 przekrzywion\u0105 od pary z miski klusek \u015bl\u0105skich. Fruzia to niebia\u0144ska kuchareczka, co zamiast harfy trzyma \u0142y\u017ck\u0119, a zamiast chmur \u2013 preferuje puszyste ziemniaczane kulki z dziurk\u0105. R\u0119cznie ulepiona z masy solnej, z min\u0105 rozmarzon\u0105 i brzuszkiem lekko wypuk\u0142ym od degustacji.<\/p>\n<p>Idealna do kuchni, jadalni lub miejsca, gdzie celebruje si\u0119 ma\u0142e przyjemno\u015bci. Fruzia nie tylko zdobi \u2013 ona przypomina, \u017ce \u017cycie to nie wy\u015bcig, tylko dobrze ugotowana kluska.<\/p>\n","protected":false},"excerpt":{"rendered":"<p>Skrzyde\u0142ka Fruzi s\u0105 jak dwa listki laurowe \u2013 nieco asymetryczne, ale pe\u0142ne wdzi\u0119ku. [&hellip;]<\/p>\n","protected":false},"featured_media":1236,"template":"","meta":{"ngg_post_thumbnail":0},"product_brand":[24],"product_cat":[32],"product_tag":[33,34,38,35,36],"class_list":{"0":"post-1235","1":"product","2":"type-product","3":"status-publish","4":"has-post-thumbnail","6":"product_brand-anielimoi","7":"product_cat-anieli-moi","8":"product_tag-aniol","9":"product_tag-aniolek","10":"product_tag-kuchenny","11":"product_tag-prezent","12":"product_tag-swieta","14":"first","15":"instock","16":"sold-individually","17":"shipping-taxable","18":"purchasable","19":"product-type-simple"},"jetpack_sharing_enabled":true,"_links":{"self":[{"href":"https:\/\/anielimoi.com.pl\/index.php?rest_route=\/wp\/v2\/product\/1235","targetHints":{"allow":["GET"]}}],"collection":[{"href":"https:\/\/anielimoi.com.pl\/index.php?rest_route=\/wp\/v2\/product"}],"about":[{"href":"https:\/\/anielimoi.com.pl\/index.php?rest_route=\/wp\/v2\/types\/product"}],"wp:featuredmedia":[{"embeddable":true,"href":"https:\/\/anielimoi.com.pl\/index.php?rest_route=\/wp\/v2\/media\/1236"}],"wp:attachment":[{"href":"https:\/\/anielimoi.com.pl\/index.php?rest_route=%2Fwp%2Fv2%2Fmedia&parent=1235"}],"wp:term":[{"taxonomy":"product_brand","embeddable":true,"href":"https:\/\/anielimoi.com.pl\/index.php?rest_route=%2Fwp%2Fv2%2Fproduct_brand&post=1235"},{"taxonomy":"product_cat","embeddable":true,"href":"https:\/\/anielimoi.com.pl\/index.php?rest_route=%2Fwp%2Fv2%2Fproduct_cat&post=1235"},{"taxonomy":"product_tag","embeddable":true,"href":"https:\/\/anielimoi.com.pl\/index.php?rest_route=%2Fwp%2Fv2%2Fproduct_tag&post=1235"}],"curies":[{"name":"wp","href":"https:\/\/api.w.org\/{rel}","templated":true}]}}