{"id":1237,"date":"2025-10-18T20:41:23","date_gmt":"2025-10-18T18:41:23","guid":{"rendered":"https:\/\/anielimoi.com.pl\/?post_type=product&#038;p=1237"},"modified":"2025-10-18T20:41:23","modified_gmt":"2025-10-18T18:41:23","slug":"lena-aniolek-w-stanie-lekkiego-szoku-dostepna","status":"publish","type":"product","link":"https:\/\/anielimoi.com.pl\/?product=lena-aniolek-w-stanie-lekkiego-szoku-dostepna","title":{"rendered":"Lena \u2013 anio\u0142ek w stanie lekkiego szoku (dost\u0119pna)"},"content":{"rendered":"<p>Skrzyde\u0142ka ma jakby zrobione z zaskoczenia \u2014 jedno wy\u017cej, drugie ni\u017cej, bo przecie\u017c nie zd\u0105\u017cy\u0142a si\u0119 przygotowa\u0107. Aureolka lekko przekrzywiona, jakby w\u0142a\u015bnie spad\u0142a z chmurki i nie zd\u0105\u017cy\u0142a jej poprawi\u0107. Lena nie m\u00f3wi wiele, ale jej wyraz twarzy krzyczy: \u201eCo tu si\u0119 w\u0142a\u015bnie wydarzy\u0142o?\u201d<\/p>\n<p>Idealna do zawieszenia tam, gdzie dziej\u0105 si\u0119 rzeczy nieoczywiste \u2014 na p\u00f3\u0142ce z ksi\u0105\u017ckami, w kuchni obok s\u0142oika z cukrem, albo przy oknie, gdzie mo\u017cna patrze\u0107 w \u015bwiat z tym samym zdziwieniem, co ona.<\/p>\n","protected":false},"excerpt":{"rendered":"<p>Lena nie spodziewa\u0142a si\u0119 niczego. A ju\u017c na pewno nie tego, \u017ce kluski [&hellip;]<\/p>\n","protected":false},"featured_media":1238,"template":"","meta":{"ngg_post_thumbnail":0},"product_brand":[24],"product_cat":[32],"product_tag":[],"class_list":{"0":"post-1237","1":"product","2":"type-product","3":"status-publish","4":"has-post-thumbnail","6":"product_brand-anielimoi","7":"product_cat-anieli-moi","9":"first","10":"instock","11":"sold-individually","12":"shipping-taxable","13":"purchasable","14":"product-type-simple"},"jetpack_sharing_enabled":true,"_links":{"self":[{"href":"https:\/\/anielimoi.com.pl\/index.php?rest_route=\/wp\/v2\/product\/1237","targetHints":{"allow":["GET"]}}],"collection":[{"href":"https:\/\/anielimoi.com.pl\/index.php?rest_route=\/wp\/v2\/product"}],"about":[{"href":"https:\/\/anielimoi.com.pl\/index.php?rest_route=\/wp\/v2\/types\/product"}],"wp:featuredmedia":[{"embeddable":true,"href":"https:\/\/anielimoi.com.pl\/index.php?rest_route=\/wp\/v2\/media\/1238"}],"wp:attachment":[{"href":"https:\/\/anielimoi.com.pl\/index.php?rest_route=%2Fwp%2Fv2%2Fmedia&parent=1237"}],"wp:term":[{"taxonomy":"product_brand","embeddable":true,"href":"https:\/\/anielimoi.com.pl\/index.php?rest_route=%2Fwp%2Fv2%2Fproduct_brand&post=1237"},{"taxonomy":"product_cat","embeddable":true,"href":"https:\/\/anielimoi.com.pl\/index.php?rest_route=%2Fwp%2Fv2%2Fproduct_cat&post=1237"},{"taxonomy":"product_tag","embeddable":true,"href":"https:\/\/anielimoi.com.pl\/index.php?rest_route=%2Fwp%2Fv2%2Fproduct_tag&post=1237"}],"curies":[{"name":"wp","href":"https:\/\/api.w.org\/{rel}","templated":true}]}}