{"id":685,"date":"2025-09-10T07:42:28","date_gmt":"2025-09-10T05:42:28","guid":{"rendered":"https:\/\/anielimoi.com.pl\/?post_type=product&#038;p=685"},"modified":"2025-09-26T10:31:10","modified_gmt":"2025-09-26T08:31:10","slug":"mini-domek-drewniany","status":"publish","type":"product","link":"https:\/\/anielimoi.com.pl\/?product=mini-domek-drewniany","title":{"rendered":"Zagubiony w Mgle"},"content":{"rendered":"<p>Ten uroczy, r\u0119cznie wykonany drewniany domek to nie tylko dekoracja \u2013 to ma\u0142y \u015bwiat pe\u0142en ciep\u0142a, nostalgii i rzemie\u015blniczej pasji. Ka\u017cdy egzemplarz powstaje z naturalnego drewna, starannie wyselekcjonowanego i obrabianego z dba\u0142o\u015bci\u0105 o najmniejszy detal. Dzi\u0119ki temu ka\u017cdy domek jest niepowtarzalny \u2013 tak jak historie, kt\u00f3re mo\u017ce opowiada\u0107.<\/p>\n","protected":false},"excerpt":{"rendered":"<p>Ten uroczy, r\u0119cznie wykonany drewniany domek to nie tylko dekoracja \u2013 to ma\u0142y [&hellip;]<\/p>\n","protected":false},"featured_media":1026,"template":"","meta":{"ngg_post_thumbnail":0},"product_brand":[24],"product_cat":[23],"product_tag":[],"class_list":{"0":"post-685","1":"product","2":"type-product","3":"status-publish","4":"has-post-thumbnail","6":"product_brand-anielimoi","7":"product_cat-wiejskie-zakatki","9":"first","10":"instock","11":"shipping-taxable","12":"purchasable","13":"product-type-simple"},"jetpack_sharing_enabled":true,"_links":{"self":[{"href":"https:\/\/anielimoi.com.pl\/index.php?rest_route=\/wp\/v2\/product\/685","targetHints":{"allow":["GET"]}}],"collection":[{"href":"https:\/\/anielimoi.com.pl\/index.php?rest_route=\/wp\/v2\/product"}],"about":[{"href":"https:\/\/anielimoi.com.pl\/index.php?rest_route=\/wp\/v2\/types\/product"}],"wp:featuredmedia":[{"embeddable":true,"href":"https:\/\/anielimoi.com.pl\/index.php?rest_route=\/wp\/v2\/media\/1026"}],"wp:attachment":[{"href":"https:\/\/anielimoi.com.pl\/index.php?rest_route=%2Fwp%2Fv2%2Fmedia&parent=685"}],"wp:term":[{"taxonomy":"product_brand","embeddable":true,"href":"https:\/\/anielimoi.com.pl\/index.php?rest_route=%2Fwp%2Fv2%2Fproduct_brand&post=685"},{"taxonomy":"product_cat","embeddable":true,"href":"https:\/\/anielimoi.com.pl\/index.php?rest_route=%2Fwp%2Fv2%2Fproduct_cat&post=685"},{"taxonomy":"product_tag","embeddable":true,"href":"https:\/\/anielimoi.com.pl\/index.php?rest_route=%2Fwp%2Fv2%2Fproduct_tag&post=685"}],"curies":[{"name":"wp","href":"https:\/\/api.w.org\/{rel}","templated":true}]}}