{"id":694,"date":"2025-09-10T09:15:52","date_gmt":"2025-09-10T07:15:52","guid":{"rendered":"https:\/\/anielimoi.com.pl\/?post_type=product&#038;p=694"},"modified":"2025-09-26T10:51:54","modified_gmt":"2025-09-26T08:51:54","slug":"maly-recznie-wykonany-drewniany-domek-z-nuta-tajemnicy","status":"publish","type":"product","link":"https:\/\/anielimoi.com.pl\/?product=maly-recznie-wykonany-drewniany-domek-z-nuta-tajemnicy","title":{"rendered":"Straszydomek"},"content":{"rendered":"<p>\u2022 Wymiary: idealny do postawienia na p\u00f3\u0142ce, komodzie lub w\u015br\u00f3d ro\u015blin (oko\u0142o12x12cm)<br \/>\n\u2022 Materia\u0142: naturalne drewno, malowane farbami akrylowymi<br \/>\n\u2022 Styl: rustykalny z nut\u0105 gotyckiego uroku<br \/>\n\u2022 Ka\u017cdy egzemplarz jest unikatowy \u2014 nie ma dw\u00f3ch identycznych!<\/p>\n<p>&nbsp;<\/p>\n<p>&nbsp;<\/p>\n","protected":false},"excerpt":{"rendered":"<p><strong>Straszydomek<\/strong> &#8211; niedost\u0119pny (podobny na zam\u00f3wienie)<\/p>\n<p>Ten niewielki domek z drewna nie jest zwyk\u0142\u0105 [&hellip;]<\/p>\n","protected":false},"featured_media":760,"template":"","meta":{"ngg_post_thumbnail":0},"product_brand":[24],"product_cat":[30],"product_tag":[],"class_list":{"0":"post-694","1":"product","2":"type-product","3":"status-publish","4":"has-post-thumbnail","6":"product_brand-anielimoi","7":"product_cat-straszydomki","9":"first","10":"onbackorder","11":"shipping-taxable","12":"purchasable","13":"product-type-simple"},"jetpack_sharing_enabled":true,"_links":{"self":[{"href":"https:\/\/anielimoi.com.pl\/index.php?rest_route=\/wp\/v2\/product\/694","targetHints":{"allow":["GET"]}}],"collection":[{"href":"https:\/\/anielimoi.com.pl\/index.php?rest_route=\/wp\/v2\/product"}],"about":[{"href":"https:\/\/anielimoi.com.pl\/index.php?rest_route=\/wp\/v2\/types\/product"}],"wp:featuredmedia":[{"embeddable":true,"href":"https:\/\/anielimoi.com.pl\/index.php?rest_route=\/wp\/v2\/media\/760"}],"wp:attachment":[{"href":"https:\/\/anielimoi.com.pl\/index.php?rest_route=%2Fwp%2Fv2%2Fmedia&parent=694"}],"wp:term":[{"taxonomy":"product_brand","embeddable":true,"href":"https:\/\/anielimoi.com.pl\/index.php?rest_route=%2Fwp%2Fv2%2Fproduct_brand&post=694"},{"taxonomy":"product_cat","embeddable":true,"href":"https:\/\/anielimoi.com.pl\/index.php?rest_route=%2Fwp%2Fv2%2Fproduct_cat&post=694"},{"taxonomy":"product_tag","embeddable":true,"href":"https:\/\/anielimoi.com.pl\/index.php?rest_route=%2Fwp%2Fv2%2Fproduct_tag&post=694"}],"curies":[{"name":"wp","href":"https:\/\/api.w.org\/{rel}","templated":true}]}}