{"id":735,"date":"2025-09-12T19:35:13","date_gmt":"2025-09-12T17:35:13","guid":{"rendered":"https:\/\/anielimoi.com.pl\/?post_type=product&#038;p=735"},"modified":"2025-09-25T07:21:24","modified_gmt":"2025-09-25T05:21:24","slug":"domek-babiego-lata","status":"publish","type":"product","link":"https:\/\/anielimoi.com.pl\/?product=domek-babiego-lata","title":{"rendered":"Domek Babiego Lata"},"content":{"rendered":"<p>Ten uroczy, r\u0119cznie wykonany domek zachwyca swoj\u0105 prostot\u0105 i ciep\u0142em. Wykonany z naturalnego drewna o g\u0142\u0119bokim, br\u0105zowym odcieniu, emanuje rustykalnym wdzi\u0119kiem, kt\u00f3ry przywodzi na my\u015bl spokojne wieczory przy kominku i zapach lasu.<\/p>\n<p>Ten domek to nie tylko dekoracja \u2013 to opowie\u015b\u0107 o cierpliwo\u015bci, pasji i mi\u0142o\u015bci do rzemios\u0142a. Idealnie sprawdzi si\u0119 jako ozdoba na p\u00f3\u0142ce lub element \u015bwi\u0105tecznego stroika. Jego naturalna kolorystyka i r\u0119czne wyko\u0144czenie sprawiaj\u0105, \u017ce pasuje zar\u00f3wno do wn\u0119trz w stylu boho, jak i klasycznego rustykalnego wystroju.<\/p>\n","protected":false},"excerpt":{"rendered":"<p>Ten uroczy, r\u0119cznie wykonany domek zachwyca swoj\u0105 prostot\u0105 i ciep\u0142em. Wykonany z naturalnego [&hellip;]<\/p>\n","protected":false},"featured_media":736,"template":"","meta":{"ngg_post_thumbnail":0},"product_brand":[24],"product_cat":[26],"product_tag":[],"class_list":{"0":"post-735","1":"product","2":"type-product","3":"status-publish","4":"has-post-thumbnail","6":"product_brand-anielimoi","7":"product_cat-mini-chalupki-deluxe","9":"first","10":"instock","11":"shipping-taxable","12":"purchasable","13":"product-type-simple"},"jetpack_sharing_enabled":true,"_links":{"self":[{"href":"https:\/\/anielimoi.com.pl\/index.php?rest_route=\/wp\/v2\/product\/735","targetHints":{"allow":["GET"]}}],"collection":[{"href":"https:\/\/anielimoi.com.pl\/index.php?rest_route=\/wp\/v2\/product"}],"about":[{"href":"https:\/\/anielimoi.com.pl\/index.php?rest_route=\/wp\/v2\/types\/product"}],"wp:featuredmedia":[{"embeddable":true,"href":"https:\/\/anielimoi.com.pl\/index.php?rest_route=\/wp\/v2\/media\/736"}],"wp:attachment":[{"href":"https:\/\/anielimoi.com.pl\/index.php?rest_route=%2Fwp%2Fv2%2Fmedia&parent=735"}],"wp:term":[{"taxonomy":"product_brand","embeddable":true,"href":"https:\/\/anielimoi.com.pl\/index.php?rest_route=%2Fwp%2Fv2%2Fproduct_brand&post=735"},{"taxonomy":"product_cat","embeddable":true,"href":"https:\/\/anielimoi.com.pl\/index.php?rest_route=%2Fwp%2Fv2%2Fproduct_cat&post=735"},{"taxonomy":"product_tag","embeddable":true,"href":"https:\/\/anielimoi.com.pl\/index.php?rest_route=%2Fwp%2Fv2%2Fproduct_tag&post=735"}],"curies":[{"name":"wp","href":"https:\/\/api.w.org\/{rel}","templated":true}]}}