{"id":741,"date":"2025-09-12T19:44:31","date_gmt":"2025-09-12T17:44:31","guid":{"rendered":"https:\/\/anielimoi.com.pl\/?post_type=product&#038;p=741"},"modified":"2025-09-25T07:19:58","modified_gmt":"2025-09-25T05:19:58","slug":"blekitna-przystan","status":"publish","type":"product","link":"https:\/\/anielimoi.com.pl\/?product=blekitna-przystan","title":{"rendered":"B\u0142\u0119kitna Przysta\u0144"},"content":{"rendered":"<p>Zanurz si\u0119 w marzeniach z \u201eB\u0142\u0119kitn\u0105 Przystani\u0105\u201d \u2013 ma\u0142ym, niebieskim domkiem, kt\u00f3ry wygl\u0105da jak ukryta pere\u0142ka z ba\u015bniowej krainy. R\u0119cznie wykonany z naturalnego drewna, zachwyca subtelnym urokiem i elegancj\u0105, kt\u00f3ra roz\u015bwietla ka\u017cde wn\u0119trze.<\/p>\n<p>\u2728 <strong>Zachwycaj\u0105ce detale:<\/strong><\/p>\n<ul>\n<li>\u015aciany domku pomalowane s\u0105 w delikatny odcie\u0144 b\u0142\u0119kitu, przywodz\u0105cy na my\u015bl spokojne niebo nad jeziorem.<\/li>\n<li>Dach pokryty z\u0142otymi dach\u00f3wkami l\u015bni niczym promienie s\u0142o\u0144ca o poranku \u2013 dodaje ca\u0142o\u015bci szlachetno\u015bci i magicznego blasku.<\/li>\n<li>Miniaturowe okienka&nbsp; tworz\u0105 romantyczny klimat.<\/li>\n<li>Ka\u017cdy egzemplarz jest unikatowy \u2013 pe\u0142en duszy i pasji tw\u00f3rcy.<\/li>\n<\/ul>\n<p>\ud83c\udf1f <strong>Idealny na prezent lub dekoracj\u0119:<\/strong> \u201eB\u0142\u0119kitna Przysta\u0144\u201d to nie tylko dekoracja \u2013 to opowie\u015b\u0107 o spokoju, marzeniach i pi\u0119knie ukrytym w prostocie. Doskonale sprawdzi si\u0119 jako wyj\u0105tkowy prezent dla bliskiej osoby, ozdoba p\u00f3\u0142ki, komody czy \u015bwi\u0105tecznego stroika. Wprowadza do wn\u0119trza nut\u0119 romantyzmu i ciep\u0142a, kt\u00f3re trudno opisa\u0107 s\u0142owami.<\/p>\n","protected":false},"excerpt":{"rendered":"<p>Zanurz si\u0119 w marzeniach z \u201eB\u0142\u0119kitn\u0105 Przystani\u0105\u201d \u2013 ma\u0142ym, niebieskim domkiem, kt\u00f3ry wygl\u0105da [&hellip;]<\/p>\n","protected":false},"featured_media":757,"template":"","meta":{"ngg_post_thumbnail":0},"product_brand":[24],"product_cat":[26],"product_tag":[],"class_list":{"0":"post-741","1":"product","2":"type-product","3":"status-publish","4":"has-post-thumbnail","6":"product_brand-anielimoi","7":"product_cat-mini-chalupki-deluxe","9":"first","10":"instock","11":"shipping-taxable","12":"purchasable","13":"product-type-simple"},"jetpack_sharing_enabled":true,"_links":{"self":[{"href":"https:\/\/anielimoi.com.pl\/index.php?rest_route=\/wp\/v2\/product\/741","targetHints":{"allow":["GET"]}}],"collection":[{"href":"https:\/\/anielimoi.com.pl\/index.php?rest_route=\/wp\/v2\/product"}],"about":[{"href":"https:\/\/anielimoi.com.pl\/index.php?rest_route=\/wp\/v2\/types\/product"}],"wp:featuredmedia":[{"embeddable":true,"href":"https:\/\/anielimoi.com.pl\/index.php?rest_route=\/wp\/v2\/media\/757"}],"wp:attachment":[{"href":"https:\/\/anielimoi.com.pl\/index.php?rest_route=%2Fwp%2Fv2%2Fmedia&parent=741"}],"wp:term":[{"taxonomy":"product_brand","embeddable":true,"href":"https:\/\/anielimoi.com.pl\/index.php?rest_route=%2Fwp%2Fv2%2Fproduct_brand&post=741"},{"taxonomy":"product_cat","embeddable":true,"href":"https:\/\/anielimoi.com.pl\/index.php?rest_route=%2Fwp%2Fv2%2Fproduct_cat&post=741"},{"taxonomy":"product_tag","embeddable":true,"href":"https:\/\/anielimoi.com.pl\/index.php?rest_route=%2Fwp%2Fv2%2Fproduct_tag&post=741"}],"curies":[{"name":"wp","href":"https:\/\/api.w.org\/{rel}","templated":true}]}}