{"id":885,"date":"2025-09-16T07:04:18","date_gmt":"2025-09-16T05:04:18","guid":{"rendered":"https:\/\/anielimoi.com.pl\/?post_type=product&#038;p=885"},"modified":"2025-09-16T07:04:34","modified_gmt":"2025-09-16T05:04:34","slug":"tam-gdzie-cisza-ma-kolor","status":"publish","type":"product","link":"https:\/\/anielimoi.com.pl\/?product=tam-gdzie-cisza-ma-kolor","title":{"rendered":"Tam, Gdzie Cisza Ma Kolor"},"content":{"rendered":"<p>W zakamarkach drewna, gdzie s\u0142oje opowiadaj\u0105 historie, rodzi si\u0119 miasteczko \u2013 nie z mapy, lecz z marzenia. Ka\u017cdy domek to westchnienie rzemie\u015blniczej d\u0142oni, ka\u017cdy kolor \u2013 echo dzieci\u0119cej rado\u015bci. Malowane z czu\u0142o\u015bci\u0105, wycinane z sercem, staje si\u0119 nie tylko ozdob\u0105, lecz opowie\u015bci\u0105, kt\u00f3ra mieszka w k\u0105cie pokoju i roz\u015bwietla codzienno\u015b\u0107.<\/p>\n<p>To miejsce, gdzie czas si\u0119 zatrzyma\u0142. Gdzie okna domk\u00f3w patrz\u0105 w stron\u0119 wspomnie\u0144. Gdzie drewno pachnie spokojem, a kolory m\u00f3wi\u0105 szeptem.<\/p>\n<p>Postaw je na p\u00f3\u0142ce, komodzie, parapecie \u2013 niech stanie si\u0119 Twoim cichym towarzyszem. Niech przypomina, \u017ce pi\u0119kno tkwi w prostocie, a magia \u2013 w r\u0119kach, kt\u00f3re tworz\u0105 z mi\u0142o\u015bci\u0105.<\/p>\n","protected":false},"excerpt":{"rendered":"<p>W zakamarkach drewna, gdzie s\u0142oje opowiadaj\u0105 historie, rodzi si\u0119 miasteczko \u2013 nie z [&hellip;]<\/p>\n","protected":false},"featured_media":886,"template":"","meta":{"ngg_post_thumbnail":0},"product_brand":[24],"product_cat":[28],"product_tag":[],"class_list":{"0":"post-885","1":"product","2":"type-product","3":"status-publish","4":"has-post-thumbnail","6":"product_brand-anielimoi","7":"product_cat-miasteczka-z-bajki","9":"first","10":"instock","11":"shipping-taxable","12":"purchasable","13":"product-type-simple"},"jetpack_sharing_enabled":true,"_links":{"self":[{"href":"https:\/\/anielimoi.com.pl\/index.php?rest_route=\/wp\/v2\/product\/885","targetHints":{"allow":["GET"]}}],"collection":[{"href":"https:\/\/anielimoi.com.pl\/index.php?rest_route=\/wp\/v2\/product"}],"about":[{"href":"https:\/\/anielimoi.com.pl\/index.php?rest_route=\/wp\/v2\/types\/product"}],"wp:featuredmedia":[{"embeddable":true,"href":"https:\/\/anielimoi.com.pl\/index.php?rest_route=\/wp\/v2\/media\/886"}],"wp:attachment":[{"href":"https:\/\/anielimoi.com.pl\/index.php?rest_route=%2Fwp%2Fv2%2Fmedia&parent=885"}],"wp:term":[{"taxonomy":"product_brand","embeddable":true,"href":"https:\/\/anielimoi.com.pl\/index.php?rest_route=%2Fwp%2Fv2%2Fproduct_brand&post=885"},{"taxonomy":"product_cat","embeddable":true,"href":"https:\/\/anielimoi.com.pl\/index.php?rest_route=%2Fwp%2Fv2%2Fproduct_cat&post=885"},{"taxonomy":"product_tag","embeddable":true,"href":"https:\/\/anielimoi.com.pl\/index.php?rest_route=%2Fwp%2Fv2%2Fproduct_tag&post=885"}],"curies":[{"name":"wp","href":"https:\/\/api.w.org\/{rel}","templated":true}]}}