{"id":897,"date":"2025-09-22T21:54:57","date_gmt":"2025-09-22T19:54:57","guid":{"rendered":"https:\/\/anielimoi.com.pl\/?post_type=product&#038;p=897"},"modified":"2025-09-26T12:27:34","modified_gmt":"2025-09-26T10:27:34","slug":"klucz-do-domku","status":"publish","type":"product","link":"https:\/\/anielimoi.com.pl\/?product=klucz-do-domku","title":{"rendered":"Klucz do Domku"},"content":{"rendered":"<p>Ka\u017cdy domek to osobna historia \u2013 delikatnie malowany, z wyczuciem faktury i koloru, tworzy kompozycj\u0119, kt\u00f3ra przyci\u0105ga wzrok, ale nie dominuje przestrzeni. Wieszak idealnie sprawdzi si\u0119 w przedpokoju, kuchni czy pokoju dzieci\u0119cym \u2013 jako miejsce na klucze, lekkie akcesoria lub po prostu dekoracyjny akcent.<\/p>\n<p>To nie tylko przedmiot u\u017cytkowy, ale ma\u0142y kawa\u0142ek r\u0119kodzielniczej magii, kt\u00f3ry przypomina, \u017ce dom zaczyna si\u0119 od\u2026 klucza.<\/p>\n","protected":false},"excerpt":{"rendered":"<p><strong>\u201eKlucz do domku\u201d<\/strong> to r\u0119cznie wykonany wieszak, kt\u00f3ry \u0142\u0105czy funkcjonalno\u015b\u0107 z subteln\u0105 estetyk\u0105. [&hellip;]<\/p>\n","protected":false},"featured_media":898,"template":"","meta":{"ngg_post_thumbnail":0},"product_brand":[24],"product_cat":[29],"product_tag":[],"class_list":{"0":"post-897","1":"product","2":"type-product","3":"status-publish","4":"has-post-thumbnail","6":"product_brand-anielimoi","7":"product_cat-domkowe-wieszaki-na-klucze","9":"first","10":"instock","11":"shipping-taxable","12":"purchasable","13":"product-type-simple"},"jetpack_sharing_enabled":true,"_links":{"self":[{"href":"https:\/\/anielimoi.com.pl\/index.php?rest_route=\/wp\/v2\/product\/897","targetHints":{"allow":["GET"]}}],"collection":[{"href":"https:\/\/anielimoi.com.pl\/index.php?rest_route=\/wp\/v2\/product"}],"about":[{"href":"https:\/\/anielimoi.com.pl\/index.php?rest_route=\/wp\/v2\/types\/product"}],"wp:featuredmedia":[{"embeddable":true,"href":"https:\/\/anielimoi.com.pl\/index.php?rest_route=\/wp\/v2\/media\/898"}],"wp:attachment":[{"href":"https:\/\/anielimoi.com.pl\/index.php?rest_route=%2Fwp%2Fv2%2Fmedia&parent=897"}],"wp:term":[{"taxonomy":"product_brand","embeddable":true,"href":"https:\/\/anielimoi.com.pl\/index.php?rest_route=%2Fwp%2Fv2%2Fproduct_brand&post=897"},{"taxonomy":"product_cat","embeddable":true,"href":"https:\/\/anielimoi.com.pl\/index.php?rest_route=%2Fwp%2Fv2%2Fproduct_cat&post=897"},{"taxonomy":"product_tag","embeddable":true,"href":"https:\/\/anielimoi.com.pl\/index.php?rest_route=%2Fwp%2Fv2%2Fproduct_tag&post=897"}],"curies":[{"name":"wp","href":"https:\/\/api.w.org\/{rel}","templated":true}]}}